{"id":207,"date":"2017-05-02T16:22:45","date_gmt":"2017-05-02T19:22:45","guid":{"rendered":"http:\/\/bridgelogistica.cl\/?page_id=207"},"modified":"2025-09-07T13:02:17","modified_gmt":"2025-09-07T16:02:17","slug":"207-2","status":"publish","type":"page","link":"https:\/\/bridgelogistica.cl\/","title":{"rendered":""},"content":{"rendered":"<h1><span style=\"color: #ff9900;\"><strong>\u201cPorque aplicamos un Modelo de Soluci\u00f3n para Log\u00edstica, que sea adecuado a la realidad de la compa\u00f1\u00eda, basados en Casos de \u00c9xitos Comprobados\u201d<\/strong><\/span><\/h1>\n<p>&nbsp;<\/p>\n<h5 style=\"text-align: justify;\">Nuestra propuesta de valor va en ofrecer un servicio de apoyo y acompa\u00f1amiento a las empresas, para solucionar sus problemas de \u00edndole log\u00edstico en que se ve afectada su Cadena de Abastecimiento.<br \/>\n<img fetchpriority=\"high\" decoding=\"async\" class=\"alignright wp-image-76 size-medium\" src=\"https:\/\/bridgelogistica.cl\/wp-content\/uploads\/2014\/07\/bodegaaa-300x216.jpg\" alt=\"\" width=\"300\" height=\"216\" srcset=\"https:\/\/bridgelogistica.cl\/wp-content\/uploads\/2014\/07\/bodegaaa-300x216.jpg 300w, https:\/\/bridgelogistica.cl\/wp-content\/uploads\/2014\/07\/bodegaaa.jpg 420w\" sizes=\"(max-width: 300px) 100vw, 300px\" \/>Lo atractivo de nuestra oferta, proviene de contar con un grupo de profesionales con vasta experiencia en el dise\u00f1o y desarrollo actividades operativas log\u00edsticas reales, apoyada en una amplia experiencia en consultor\u00eda.<br \/>\nContamos con una esencia de liderazgo innovador, donde cada integrante del equipo es un aporte multiplicador de energ\u00eda, creativa y conocimiento.<\/h5>\n<h5 style=\"text-align: justify;\">Trabajamos con equipos multidisciplinarios, lo que permite potenciar la obtenci\u00f3n de las soluciones de excelencia que necesita su empresa para optimizar sus resultados, dejando la ejecuci\u00f3n de sus proyectos en nuestro equipo de profesionales expertos, para aquellos requerimientos ajenos al giro de su negocio, lo que le permitir\u00e1 liberar recursos y dedicarse netamente a la estrategia de la compa\u00f1\u00eda.<br \/>\nAlguno de los valores tangibles a obtener por nuestros servicios son: Ahorro de Costos, Rentabilidad del Negocio, Crecimiento, Mejoras de Productividad, Disminuci\u00f3n de Errores, Visibilidad y Reportabilidad.<\/h5>\n<p>&nbsp;<\/p>\n","protected":false},"excerpt":{"rendered":"<p>\u201cPorque aplicamos un Modelo de Soluci\u00f3n para Log\u00edstica, que sea adecuado a la realidad de la compa\u00f1\u00eda, basados en Casos de \u00c9xitos Comprobados\u201d &nbsp; Nuestra propuesta de valor va en ofrecer un servicio de apoyo y acompa\u00f1amiento a las empresas, para solucionar sus problemas de \u00edndole log\u00edstico en que se ve afectada su Cadena de&hellip; <a href=\"https:\/\/bridgelogistica.cl\/\">Continue reading&#8230;<\/a><\/p>\n","protected":false},"author":1,"featured_media":0,"parent":0,"menu_order":0,"comment_status":"closed","ping_status":"closed","template":"","meta":{"footnotes":""},"class_list":["post-207","page","type-page","status-publish","hentry"],"_links":{"self":[{"href":"https:\/\/bridgelogistica.cl\/index.php?rest_route=\/wp\/v2\/pages\/207","targetHints":{"allow":["GET"]}}],"collection":[{"href":"https:\/\/bridgelogistica.cl\/index.php?rest_route=\/wp\/v2\/pages"}],"about":[{"href":"https:\/\/bridgelogistica.cl\/index.php?rest_route=\/wp\/v2\/types\/page"}],"author":[{"embeddable":true,"href":"https:\/\/bridgelogistica.cl\/index.php?rest_route=\/wp\/v2\/users\/1"}],"replies":[{"embeddable":true,"href":"https:\/\/bridgelogistica.cl\/index.php?rest_route=%2Fwp%2Fv2%2Fcomments&post=207"}],"version-history":[{"count":15,"href":"https:\/\/bridgelogistica.cl\/index.php?rest_route=\/wp\/v2\/pages\/207\/revisions"}],"predecessor-version":[{"id":342,"href":"https:\/\/bridgelogistica.cl\/index.php?rest_route=\/wp\/v2\/pages\/207\/revisions\/342"}],"wp:attachment":[{"href":"https:\/\/bridgelogistica.cl\/index.php?rest_route=%2Fwp%2Fv2%2Fmedia&parent=207"}],"curies":[{"name":"wp","href":"https:\/\/api.w.org\/{rel}","templated":true}]}}